{"id":238,"date":"2024-07-28T21:46:02","date_gmt":"2024-07-28T21:46:02","guid":{"rendered":"http:\/\/www.icesi.edu.co\/blogs\/sirindangodiario\/?page_id=238"},"modified":"2024-07-29T02:24:11","modified_gmt":"2024-07-29T02:24:11","slug":"episodio-2","status":"publish","type":"page","link":"https:\/\/www.icesi.edu.co\/blogs\/sirindangodiario\/semillas-de-paz\/podcast\/episodio-2\/","title":{"rendered":"Episodio 2"},"content":{"rendered":"<h1 style=\"text-align: center\">? <span style=\"color: #0ebe7b\">Episodio 2: El Sirindango y su potencial<\/span> ?<\/h1>\n<p>En el segundo episodio de \u2018Semillas de Paz\u2019 ?\ufe0f, profundizamos en el fascinante mundo del Sirindango, una planta con propiedades sorprendentes que ha sido utilizada ancestralmente por la comunidad Inga. Exploramos su potencial en el campo de la ingenier\u00eda bioqu\u00edmica, destacando c\u00f3mo este conocimiento ancestral se est\u00e1 integrando en la investigaci\u00f3n cient\u00edfica moderna. Acomp\u00e1\u00f1anos mientras las mujeres de la Asociaci\u00f3n Iuiai Wasi y las investigadoras de la Universidad Icesi comparten sus descubrimientos y experiencias trabajando con esta planta. Este episodio es una inmersi\u00f3n en la colaboraci\u00f3n entre la sabidur\u00eda tradicional y la ciencia contempor\u00e1nea, mostrando c\u00f3mo juntos podemos lograr avances significativos en la preservaci\u00f3n y aprovechamiento sostenible de los recursos naturales.<\/p>\n<p>\u2b07\ufe0f?\ufe0f<\/p>\n<!--[if lt IE 9]><script>document.createElement('audio');<\/script><![endif]-->\n<audio class=\"wp-audio-shortcode\" id=\"audio-238-1\" preload=\"none\" style=\"width: 100%;\" controls=\"controls\"><source type=\"audio\/mpeg\" src=\"http:\/\/www.icesi.edu.co\/blogs\/sirindangodiario\/files\/2024\/07\/Semilla-de-paz-2do-Episodio.mp3?_=1\" \/><a href=\"http:\/\/www.icesi.edu.co\/blogs\/sirindangodiario\/files\/2024\/07\/Semilla-de-paz-2do-Episodio.mp3\">http:\/\/www.icesi.edu.co\/blogs\/sirindangodiario\/files\/2024\/07\/Semilla-de-paz-2do-Episodio.mp3<\/a><\/audio>\n<p>&nbsp;<\/p>\n<p><img fetchpriority=\"high\" decoding=\"async\" class=\"aligncenter size-medium wp-image-226\" src=\"http:\/\/www.icesi.edu.co\/blogs\/sirindangodiario\/files\/2024\/07\/Semilla-del-Sirindango-744x496.jpg\" alt=\"\" width=\"744\" height=\"496\" \/><\/p>\n","protected":false},"excerpt":{"rendered":"<p>? Episodio 2: El Sirindango y su potencial ? En el segundo episodio de \u2018Semillas de Paz\u2019 ?\ufe0f, profundizamos en el fascinante mundo del Sirindango, una planta con propiedades sorprendentes que ha sido utilizada ancestralmente por la comunidad Inga. Exploramos<\/p>\n","protected":false},"author":42166064,"featured_media":0,"parent":234,"menu_order":0,"comment_status":"closed","ping_status":"closed","template":"page-templates\/contact.php","meta":{"footnotes":""},"class_list":["post-238","page","type-page","status-publish","hentry"],"aioseo_notices":[],"rttpg_featured_image_url":null,"rttpg_author":{"display_name":"JUAN FELIPE CA\u00d1ON ARIAS","author_link":"https:\/\/www.icesi.edu.co\/blogs\/sirindangodiario\/author\/1108558212\/"},"rttpg_comment":0,"rttpg_category":null,"rttpg_excerpt":"? Episodio 2: El Sirindango y su potencial ? En el segundo episodio de \u2018Semillas de Paz\u2019 ?\ufe0f, profundizamos en el fascinante mundo del Sirindango, una planta con propiedades sorprendentes que ha sido utilizada ancestralmente por la comunidad Inga. Exploramos","_links":{"self":[{"href":"https:\/\/www.icesi.edu.co\/blogs\/sirindangodiario\/wp-json\/wp\/v2\/pages\/238"}],"collection":[{"href":"https:\/\/www.icesi.edu.co\/blogs\/sirindangodiario\/wp-json\/wp\/v2\/pages"}],"about":[{"href":"https:\/\/www.icesi.edu.co\/blogs\/sirindangodiario\/wp-json\/wp\/v2\/types\/page"}],"author":[{"embeddable":true,"href":"https:\/\/www.icesi.edu.co\/blogs\/sirindangodiario\/wp-json\/wp\/v2\/users\/42166064"}],"replies":[{"embeddable":true,"href":"https:\/\/www.icesi.edu.co\/blogs\/sirindangodiario\/wp-json\/wp\/v2\/comments?post=238"}],"version-history":[{"count":4,"href":"https:\/\/www.icesi.edu.co\/blogs\/sirindangodiario\/wp-json\/wp\/v2\/pages\/238\/revisions"}],"predecessor-version":[{"id":285,"href":"https:\/\/www.icesi.edu.co\/blogs\/sirindangodiario\/wp-json\/wp\/v2\/pages\/238\/revisions\/285"}],"up":[{"embeddable":true,"href":"https:\/\/www.icesi.edu.co\/blogs\/sirindangodiario\/wp-json\/wp\/v2\/pages\/234"}],"wp:attachment":[{"href":"https:\/\/www.icesi.edu.co\/blogs\/sirindangodiario\/wp-json\/wp\/v2\/media?parent=238"}],"curies":[{"name":"wp","href":"https:\/\/api.w.org\/{rel}","templated":true}]}}