{"id":234,"date":"2024-07-28T21:44:23","date_gmt":"2024-07-28T21:44:23","guid":{"rendered":"http:\/\/www.icesi.edu.co\/blogs\/sirindangodiario\/?page_id=234"},"modified":"2024-07-29T02:17:45","modified_gmt":"2024-07-29T02:17:45","slug":"podcast","status":"publish","type":"page","link":"https:\/\/www.icesi.edu.co\/blogs\/sirindangodiario\/semillas-de-paz\/podcast\/","title":{"rendered":"Podcast"},"content":{"rendered":"<h1>\u00a0?<span style=\"color: #0ebe7b\"> Bienvenidos al Podcast \u2018Semillas de Paz\u2019: La Historia Detr\u00e1s del Proyecto ?<\/span><\/h1>\n<p>En esta secci\u00f3n, nos complace presentarles todos los episodios del podcast \u2018Semillas de Paz\u2019 ?\ufe0f. Aqu\u00ed encontrar\u00e1n un espacio dedicado a contar la fascinante historia de nuestro proyecto, desde sus inicios hasta los desaf\u00edos que hemos enfrentado y superado en el camino ?.<\/p>\n<p>\u2018Semillas de Paz\u2019 es m\u00e1s que un podcast; es un viaje a trav\u00e9s de la colaboraci\u00f3n, la innovaci\u00f3n y el compromiso con nuestras comunidades ?. Cada episodio desglosa los pasos y procesos que hemos seguido, destacando las experiencias vividas, los aprendizajes adquiridos y las personas que han hecho posible este sue\u00f1o. Hablamos de las dificultades, las victorias y todo lo que sucede entre ambos extremos ?.<\/p>\n<p>Nos enorgullece compartir que algunos de los episodios est\u00e1n grabados en el dialecto Inga, la lengua que utiliza la comunidad Iuiai Wasi para comunicarse ?\ufe0f. De esta manera, honramos y preservamos su cultura, permitiendo que sus voces y perspectivas sean escuchadas directamente.<\/p>\n<p>Nuestro objetivo es compartir con ustedes la esencia de nuestro trabajo, as\u00ed como inspirar y motivar a aquellos que deseen emprender iniciativas similares ?. A trav\u00e9s de relatos y an\u00e1lisis detallados, exploramos el impacto de nuestras acciones y la forma en que estas contribuyen al bienestar de nuestra comunidad ?.<\/p>\n<p>Aqu\u00ed podr\u00e1n acceder a todos los episodios del podcast, organizados y listos para que los disfruten en cualquier momento ?.<\/p>\n<p>\u00a1Bienvenidos a \u2018Semillas de Paz\u2019! ?<\/p>\n<p><strong>\u2b07\ufe0f\u00a0<span style=\"color: #0ebe7b\"><em>EN EL PIE DE P\u00c1GINA ENCONTRAR\u00c1S TODOS LOS EPISODIOS<\/em><\/span> \u2b07\ufe0f<\/strong><\/p>\n<p><img fetchpriority=\"high\" decoding=\"async\" class=\"size-thumbnail wp-image-245 alignleft\" src=\"http:\/\/www.icesi.edu.co\/blogs\/sirindangodiario\/files\/2024\/07\/IMG_5769-420x560.jpg\" alt=\"\" width=\"420\" height=\"560\" \/> <img decoding=\"async\" class=\"wp-image-246 size-thumbnail alignleft\" src=\"http:\/\/www.icesi.edu.co\/blogs\/sirindangodiario\/files\/2024\/07\/IMG_5771-420x560.jpg\" alt=\"\" width=\"420\" height=\"560\" \/> <img decoding=\"async\" class=\"wp-image-247 size-thumbnail alignleft\" src=\"http:\/\/www.icesi.edu.co\/blogs\/sirindangodiario\/files\/2024\/07\/IMG_5764-420x560.jpg\" alt=\"\" width=\"420\" height=\"560\" \/> <img loading=\"lazy\" decoding=\"async\" class=\"wp-image-248 size-thumbnail alignleft\" src=\"http:\/\/www.icesi.edu.co\/blogs\/sirindangodiario\/files\/2024\/07\/IMG_5760-420x560.jpg\" alt=\"\" width=\"420\" height=\"560\" \/><\/p>\n","protected":false},"excerpt":{"rendered":"<p>\u00a0? Bienvenidos al Podcast \u2018Semillas de Paz\u2019: La Historia Detr\u00e1s del Proyecto ? En esta secci\u00f3n, nos complace presentarles todos los episodios del podcast \u2018Semillas de Paz\u2019 ?\ufe0f. Aqu\u00ed encontrar\u00e1n un espacio dedicado a contar la fascinante historia de nuestro<\/p>\n","protected":false},"author":42166064,"featured_media":0,"parent":141,"menu_order":0,"comment_status":"closed","ping_status":"closed","template":"","meta":{"footnotes":""},"class_list":["post-234","page","type-page","status-publish","hentry"],"aioseo_notices":[],"rttpg_featured_image_url":null,"rttpg_author":{"display_name":"JUAN FELIPE CA\u00d1ON ARIAS","author_link":"https:\/\/www.icesi.edu.co\/blogs\/sirindangodiario\/author\/1108558212\/"},"rttpg_comment":0,"rttpg_category":null,"rttpg_excerpt":"\u00a0? Bienvenidos al Podcast \u2018Semillas de Paz\u2019: La Historia Detr\u00e1s del Proyecto ? En esta secci\u00f3n, nos complace presentarles todos los episodios del podcast \u2018Semillas de Paz\u2019 ?\ufe0f. Aqu\u00ed encontrar\u00e1n un espacio dedicado a contar la fascinante historia de nuestro","_links":{"self":[{"href":"https:\/\/www.icesi.edu.co\/blogs\/sirindangodiario\/wp-json\/wp\/v2\/pages\/234"}],"collection":[{"href":"https:\/\/www.icesi.edu.co\/blogs\/sirindangodiario\/wp-json\/wp\/v2\/pages"}],"about":[{"href":"https:\/\/www.icesi.edu.co\/blogs\/sirindangodiario\/wp-json\/wp\/v2\/types\/page"}],"author":[{"embeddable":true,"href":"https:\/\/www.icesi.edu.co\/blogs\/sirindangodiario\/wp-json\/wp\/v2\/users\/42166064"}],"replies":[{"embeddable":true,"href":"https:\/\/www.icesi.edu.co\/blogs\/sirindangodiario\/wp-json\/wp\/v2\/comments?post=234"}],"version-history":[{"count":11,"href":"https:\/\/www.icesi.edu.co\/blogs\/sirindangodiario\/wp-json\/wp\/v2\/pages\/234\/revisions"}],"predecessor-version":[{"id":281,"href":"https:\/\/www.icesi.edu.co\/blogs\/sirindangodiario\/wp-json\/wp\/v2\/pages\/234\/revisions\/281"}],"up":[{"embeddable":true,"href":"https:\/\/www.icesi.edu.co\/blogs\/sirindangodiario\/wp-json\/wp\/v2\/pages\/141"}],"wp:attachment":[{"href":"https:\/\/www.icesi.edu.co\/blogs\/sirindangodiario\/wp-json\/wp\/v2\/media?parent=234"}],"curies":[{"name":"wp","href":"https:\/\/api.w.org\/{rel}","templated":true}]}}