{"id":1052,"date":"2020-08-18T17:58:59","date_gmt":"2020-08-18T22:58:59","guid":{"rendered":"http:\/\/www.icesi.edu.co\/blogs\/cultura\/?page_id=1052"},"modified":"2022-02-17T10:13:30","modified_gmt":"2022-02-17T15:13:30","slug":"boletin-etnografico","status":"publish","type":"page","link":"https:\/\/www.icesi.edu.co\/blogs\/cultura\/boletin-etnografico\/","title":{"rendered":"Bolet\u00edn Etnogr\u00e1fico"},"content":{"rendered":"<p>&nbsp;<\/p>\n<p><a href=\"http:\/\/www.icesi.edu.co\/blogs\/cultura\/files\/2022\/02\/5.png\"><img fetchpriority=\"high\" decoding=\"async\" class=\"aligncenter wp-image-1449\" src=\"http:\/\/www.icesi.edu.co\/blogs\/cultura\/files\/2022\/02\/5-300x176.png\" alt=\"\" width=\"344\" height=\"202\" \/><\/a><\/p>\n<p>&nbsp;<\/p>\n<p style=\"text-align: center\">\u00a1Esperamos est\u00e9n teniendo un buen semestre!<br \/>\nLes traemos algunas noticias del<br \/>\nPrograma de Antropolog\u00eda.<\/p>\n<p>&nbsp;<\/p>\n<p><a href=\"http:\/\/www.icesi.edu.co\/blogs\/cultura\/files\/2022\/02\/5d9a0680-6623-81e4-0608-9b1c144aef28.jpg\"><img decoding=\"async\" class=\"aligncenter wp-image-1454\" src=\"http:\/\/www.icesi.edu.co\/blogs\/cultura\/files\/2022\/02\/5d9a0680-6623-81e4-0608-9b1c144aef28.jpg\" alt=\"\" width=\"365\" height=\"243\" \/><\/a><\/p>\n<div style=\"width: 848px;\" class=\"wp-video\"><!--[if lt IE 9]><script>document.createElement('video');<\/script><![endif]-->\n<video class=\"wp-video-shortcode\" id=\"video-1052-1\" width=\"848\" height=\"480\" poster=\"http:\/\/www.icesi.edu.co\/blogs\/cultura\/files\/2022\/02\/4f83a9d8-e773-7b7f-3fea-914b03e7ef5e.jpg\" preload=\"metadata\" controls=\"controls\"><source type=\"video\/mp4\" src=\"http:\/\/www.icesi.edu.co\/blogs\/cultura\/files\/2022\/02\/WhatsApp-Video-2022-02-16-at-9.06.24-AM.mp4?_=1\" \/><a href=\"http:\/\/www.icesi.edu.co\/blogs\/cultura\/files\/2022\/02\/WhatsApp-Video-2022-02-16-at-9.06.24-AM.mp4\">http:\/\/www.icesi.edu.co\/blogs\/cultura\/files\/2022\/02\/WhatsApp-Video-2022-02-16-at-9.06.24-AM.mp4<\/a><\/video><\/div>\n<p>&nbsp;<\/p>\n<p>&nbsp;<\/p>\n<p>&nbsp;<\/p>\n<p style=\"text-align: center\">Im\u00e1genes de la reuni\u00f3n informativa de inicio de semestre en el auditorio Delima. Compartimos informaci\u00f3n sobre semilleros, grupos estudiantiles, los 15 a\u00f1os del programa y la reapertura de las salidas de campo y las clases presenciales.<\/p>\n<p>&nbsp;<\/p>\n<p>&nbsp;<\/p>\n<p><a href=\"http:\/\/www.icesi.edu.co\/blogs\/cultura\/files\/2022\/02\/WhatsApp-Image-2022-02-16-at-9.12.23-AM.jpeg\"><img decoding=\"async\" class=\"wp-image-1443 alignleft\" src=\"http:\/\/www.icesi.edu.co\/blogs\/cultura\/files\/2022\/02\/WhatsApp-Image-2022-02-16-at-9.12.23-AM.jpeg\" alt=\"\" width=\"231\" height=\"158\" \/><\/a><\/p>\n<p><a href=\"http:\/\/www.icesi.edu.co\/blogs\/cultura\/files\/2022\/02\/WhatsApp-Image-2022-02-16-at-9.12.23-AM-3.jpeg\"><img loading=\"lazy\" decoding=\"async\" class=\"wp-image-1442 alignright\" src=\"http:\/\/www.icesi.edu.co\/blogs\/cultura\/files\/2022\/02\/WhatsApp-Image-2022-02-16-at-9.12.23-AM-3.jpeg\" alt=\"\" width=\"238\" height=\"154\" \/><\/a><\/p>\n<p>&nbsp;<\/p>\n<p>&nbsp;<\/p>\n<p>&nbsp;<\/p>\n<p>&nbsp;<\/p>\n<p>&nbsp;<\/p>\n<p>&nbsp;<\/p>\n<p><img loading=\"lazy\" decoding=\"async\" class=\"wp-image-1440 alignright\" style=\"color: #0000ee\" src=\"http:\/\/www.icesi.edu.co\/blogs\/cultura\/files\/2022\/02\/WhatsApp-Image-2022-02-16-at-9.12.23-AM-1.jpeg\" alt=\"\" width=\"236\" height=\"163\" \/><\/p>\n<p><a href=\"http:\/\/www.icesi.edu.co\/blogs\/cultura\/files\/2022\/02\/WhatsApp-Image-2022-02-16-at-9.12.23-AM-2.jpeg\"><img loading=\"lazy\" decoding=\"async\" class=\"wp-image-1441 alignleft\" src=\"http:\/\/www.icesi.edu.co\/blogs\/cultura\/files\/2022\/02\/WhatsApp-Image-2022-02-16-at-9.12.23-AM-2.jpeg\" alt=\"\" width=\"257\" height=\"166\" \/><\/a><\/p>\n<p>&nbsp;<\/p>\n<p>&nbsp;<\/p>\n<p>&nbsp;<\/p>\n<p>&nbsp;<\/p>\n<p>&nbsp;<\/p>\n<div style=\"text-align: center\"><strong>\u00a1Hola! Les saluda Nacirema.<\/strong><\/div>\n<div style=\"text-align: center\">\n<p>Somos un grupo estudiantil para quienes buscan crear un espacio propio para el desarrollo de diversas actividades, que aporten a la construcci\u00f3n colectiva de conocimiento y relaciones interpersonales entre los mismos estudiantes, profesores, funcionarios de la instituci\u00f3n y la comunidad local.Actualmente se est\u00e1n desarrollando diferentes actividades, como la creaci\u00f3n de un fanzine. Cualquier pregunta, escr\u00edbenos!<\/p>\n<\/div>\n<p>&nbsp;<\/p>\n<p><img loading=\"lazy\" decoding=\"async\" class=\"aligncenter wp-image-1435\" src=\"http:\/\/www.icesi.edu.co\/blogs\/cultura\/files\/2022\/02\/WhatsApp-Image-2022-02-16-at-9.06.24-AM.jpeg\" alt=\"\" width=\"459\" height=\"258\" \/><\/p>\n<p>&nbsp;<\/p>\n<p>&nbsp;<\/p>\n<p>&nbsp;<\/p>\n<p style=\"text-align: center\"><strong>Proyectos\u00a0estudiantiles<\/strong><\/p>\n<p><a href=\"http:\/\/www.icesi.edu.co\/blogs\/cultura\/files\/2022\/02\/ca138b98-01e9-7224-2398-89e13b64229e.jpeg\"><img loading=\"lazy\" decoding=\"async\" class=\"aligncenter wp-image-1450\" src=\"http:\/\/www.icesi.edu.co\/blogs\/cultura\/files\/2022\/02\/ca138b98-01e9-7224-2398-89e13b64229e.jpeg\" alt=\"\" width=\"478\" height=\"358\" \/><\/a><\/p>\n<p>&nbsp;<\/p>\n<p>&nbsp;<\/p>\n<p style=\"text-align: center\">Desde la representaci\u00f3n se lanz\u00f3 el programa\u00a0<em>Antropocompass<\/em>\u00a0una estrategia que apadrina a estudiantes de primeros semestres y los empareja con estudiantes veteranos en un intento por construir comunidad y establecer redes de apoyo para la vida universitaria.<\/p>\n<p>&nbsp;<\/p>\n<p>&nbsp;<\/p>\n<p><a href=\"http:\/\/www.icesi.edu.co\/blogs\/cultura\/files\/2022\/02\/07b9b69e-57f5-2e47-211d-265357b3247e.jpeg\"><img loading=\"lazy\" decoding=\"async\" class=\"aligncenter wp-image-1451\" src=\"http:\/\/www.icesi.edu.co\/blogs\/cultura\/files\/2022\/02\/07b9b69e-57f5-2e47-211d-265357b3247e.jpeg\" alt=\"\" width=\"470\" height=\"264\" \/><\/a><\/p>\n<p>&nbsp;<\/p>\n<h3 style=\"text-align: center\">\u00a1Vuelve Merienda Cine Club!<\/h3>\n<p style=\"text-align: center\">Todos los jueves 5pm<\/p>\n<p>&nbsp;<\/p>\n<p>&nbsp;<\/p>\n<p>&nbsp;<\/p>\n<p><span style=\"color: #0000ee\">\u00a0<\/span><\/p>\n<p><a href=\"http:\/\/www.icesi.edu.co\/blogs\/cultura\/files\/2022\/02\/WhatsApp-Image-2022-02-16-at-9.11.06-AM-1.jpeg\"><img loading=\"lazy\" decoding=\"async\" class=\"wp-image-1436 aligncenter\" src=\"http:\/\/www.icesi.edu.co\/blogs\/cultura\/files\/2022\/02\/WhatsApp-Image-2022-02-16-at-9.11.06-AM-1.jpeg\" alt=\"\" width=\"155\" height=\"225\" \/><\/a><\/p>\n<p><span style=\"color: #0000ee\"><br \/>\n<\/span><img loading=\"lazy\" decoding=\"async\" class=\"wp-image-1438 aligncenter\" style=\"color: #0000ee\" src=\"http:\/\/www.icesi.edu.co\/blogs\/cultura\/files\/2022\/02\/WhatsApp-Image-2022-02-16-at-9.11.06-AM.jpeg\" alt=\"\" width=\"175\" height=\"251\" \/><\/p>\n<p>&nbsp;<\/p>\n<h3 style=\"text-align: center\">Les contamos de las actividades de la\u00a0Semana Icesi<\/h3>\n<p style=\"text-align: center\">Desde el Programa de Antropolog\u00eda y la representaci\u00f3n estudiantil se propuso una actividad deportiva en la que nos unimos como equipo y compartimos con otros programas jugando\u00a0voleibol a otro nivel!<\/p>\n<p>Tambi\u00e9n, Nacirema hizo una actividad de ParchARTE en el laboratorio Etnogr\u00e1fico,\u00a0\u00a0con el objetivo de discutir y comprender las implicaciones que tiene para nuestras formas de hacer y entender la antropolog\u00eda, la vida universitaria.<\/p>\n<p>&nbsp;<\/p>\n<p>&nbsp;<\/p>\n<p>&nbsp;<\/p>\n<p><a href=\"http:\/\/www.icesi.edu.co\/blogs\/cultura\/files\/2022\/02\/WhatsApp-Image-2022-02-16-at-9.12.47-AM.jpeg\"><img loading=\"lazy\" decoding=\"async\" class=\"wp-image-1444 aligncenter\" src=\"http:\/\/www.icesi.edu.co\/blogs\/cultura\/files\/2022\/02\/WhatsApp-Image-2022-02-16-at-9.12.47-AM.jpeg\" alt=\"\" width=\"301\" height=\"231\" \/><\/a><\/p>\n<p><a href=\"http:\/\/www.icesi.edu.co\/blogs\/cultura\/files\/2022\/02\/WhatsApp-Image-2022-02-16-at-9.12.48-AM.jpeg\"><img loading=\"lazy\" decoding=\"async\" class=\"aligncenter wp-image-1446\" src=\"http:\/\/www.icesi.edu.co\/blogs\/cultura\/files\/2022\/02\/WhatsApp-Image-2022-02-16-at-9.12.48-AM.jpeg\" alt=\"\" width=\"306\" height=\"233\" \/><\/a><\/p>\n<p style=\"text-align: center\">En la clase de Antropolog\u00eda Visual a cargo\u00a0del Profesor Enrique Jaramillo\u00a0se est\u00e1n creando proyectos muy interesantes para pensarnos lo audiovisual en nuestro quehacer como antrop\u00f3logas y antrop\u00f3logos.<\/p>\n<p>&nbsp;<\/p>\n<p><!--more--><\/p>\n<p>&nbsp;<\/p>\n<p>&nbsp;<\/p>\n<p><a href=\"http:\/\/www.icesi.edu.co\/blogs\/cultura\/files\/2022\/02\/WhatsApp-Image-2022-02-16-at-9.06.23-AM-2.jpeg\"><img loading=\"lazy\" decoding=\"async\" class=\"aligncenter wp-image-1433\" src=\"http:\/\/www.icesi.edu.co\/blogs\/cultura\/files\/2022\/02\/WhatsApp-Image-2022-02-16-at-9.06.23-AM-2.jpeg\" alt=\"\" width=\"417\" height=\"556\" \/><\/a><\/p>\n<p>&nbsp;<\/p>\n<p style=\"text-align: center\">En la clase de Seminario de Profundizaci\u00f3n a cargo de la profesora Mar\u00eda Isabel Galindo, con un enfoque en las antropolog\u00edas del agua, se realiz\u00f3 una salida de campo siguiendo el curso del r\u00edo Mel\u00e9ndez en su zona alta.<\/p>\n<p>&nbsp;<\/p>\n<p><!--more--><\/p>\n<p>&nbsp;<\/p>\n<p><a href=\"http:\/\/www.icesi.edu.co\/blogs\/cultura\/files\/2022\/02\/WhatsApp-Image-2022-02-16-at-9.12.48-AM-1.jpeg\"><img loading=\"lazy\" decoding=\"async\" class=\"aligncenter wp-image-1445\" src=\"http:\/\/www.icesi.edu.co\/blogs\/cultura\/files\/2022\/02\/WhatsApp-Image-2022-02-16-at-9.12.48-AM-1.jpeg\" alt=\"\" width=\"333\" height=\"250\" \/><\/a><\/p>\n<p>&nbsp;<\/p>\n<p style=\"text-align: center\">La clase Marx y la Econom\u00eda Pol\u00edtica en modo h\u00edbrido a cargo del profesor Tathagatan Ravindran.<\/p>\n<p><!--more--><\/p>\n<p>&nbsp;<\/p>\n<p style=\"text-align: center\"><strong>Publicaciones de nuestros profesores<\/strong><\/p>\n<p>&nbsp;<\/p>\n<p>Varios de nuestro profesores han estado trabajando en diferentes proyectos, les contamos aqu\u00ed algunas de las publicaciones m\u00e1s recientes.<\/p>\n<ul>\n<li><strong><a href=\"https:\/\/anthrosource.onlinelibrary.wiley.com\/doi\/10.1111\/jlca.12551\" target=\"_blank\" rel=\"noopener\">The Power of Phenotype: Toward an Ethnography of Pigmentocracy in Andean Bolivia<\/a>,\u00a0<\/strong>Por el profesor\u00a0Tathagatan\u00a0Ravindran.<\/li>\n<li><strong><a href=\"https:\/\/journals.openedition.org\/bifea\/11554\" target=\"_blank\" rel=\"noopener\">Caminar desechos. Reflexiones desde las superficies de Aguabuena<\/a>,<\/strong> Por la profesora Daniella Castellanos.<\/li>\n<li><strong><a href=\"https:\/\/www.icesi.edu.co\/editorial\/historias-memorias-relatos\/\" target=\"_blank\" rel=\"noopener\">La memoria y las facultades de la imaginaci\u00f3n: usos del pasado y producci\u00f3n de futuro en el Norte del Cauca<\/a>, <\/strong>Por el profesor Enrique Jaramillo Buenaventura.<\/li>\n<li>La profesora Inge Valencia contribuy\u00f3 con un cap\u00edtulo sobre el asesinato de l\u00edderes sociales en el libro<strong> <a href=\"http:\/\/library.fes.de\/pdf-files\/bueros\/kolumbien\/18212.pdf\" target=\"_blank\" rel=\"noopener\">&#8220;Los enredos de la paz&#8221;<\/a><\/strong><\/li>\n<li>Les compartimos este <strong><a href=\"https:\/\/colabora.lat\/noticias\/colombia-violencias-securitizacion-y-gobernanza-criminal-en-tiempos-de-pandemia\/\" target=\"_blank\" rel=\"noopener\">blog<\/a><\/strong> escrito junto Jorge Figueroa y Alejandra Alzate sobre<strong> la relaci\u00f3n entre violencia y pandemia en Colombia.<\/strong>\u00a0Nuestro consorcio Colabora.lat, busca comprender los impactos de la pandemia en Am\u00e9rica Latina.<\/li>\n<\/ul>\n<p>&nbsp;<\/p>\n<p>&nbsp;<\/p>\n<p style=\"text-align: center\"><b>Practicantes<\/b><strong>\u00a0y Egresadxs<\/strong><\/p>\n<p><strong>Organizaciones de nuestrxs pr\u00e1cticantes 2021-2 <\/strong><\/p>\n<p>Juliana Ivonne Sanchez Lozano , en\u00a0Agrosavia &#8211; Corporaci\u00f3n Colombiana De Investigaci\u00f3n Agropecuaria.<\/p>\n<ul>\n<li>Juan David Ca\u00f1as Velasco, en\u00a0Estado Joven &#8211; Ministerio de Salud y Protecci\u00f3n Social.<\/li>\n<li>Juanita Gomez Arias , en\u00a0Alcald\u00eda De Cali &#8211; secretaria De Cultura &#8211; Subsecretaria de Arte.<\/li>\n<li>Laura Sof\u00eda Serna Lara, en\u00a0Fundaci\u00f3n Escuela Taller de Cali.<\/li>\n<li>Sofia\u00a0Naranjo Amezquita, en\u00a0Organizaci\u00f3n Techo &#8211; M\u00e9xico.<\/li>\n<\/ul>\n<p>&nbsp;<\/p>\n<p style=\"text-align: center\"><strong>Noticias de nuestras egresadas<\/strong><\/p>\n<p>&nbsp;<\/p>\n<p style=\"text-align: center\">Les contamos que una de nuestras egresadas, Karime R\u00edos, est\u00e1 continuando sus estudios en la Universidad Internacional de Valencia.<img loading=\"lazy\" decoding=\"async\" class=\"aligncenter wp-image-1430\" src=\"http:\/\/www.icesi.edu.co\/blogs\/cultura\/files\/2022\/02\/WhatsApp-Image-2022-02-15-at-10.10.22-PM.jpeg\" alt=\"\" width=\"335\" height=\"335\" \/><\/p>\n<p>&nbsp;<\/p>\n<p style=\"text-align: center\"><strong>Laboratorio Etnogr\u00e1fico<\/strong><\/p>\n<p>&nbsp;<\/p>\n<p><a href=\"http:\/\/www.icesi.edu.co\/blogs\/cultura\/files\/2022\/02\/8471bcf8-8d81-d862-7eb5-e20d824e9c8d.png\"><img loading=\"lazy\" decoding=\"async\" class=\"aligncenter size-medium wp-image-1452\" src=\"http:\/\/www.icesi.edu.co\/blogs\/cultura\/files\/2022\/02\/8471bcf8-8d81-d862-7eb5-e20d824e9c8d-225x300.png\" alt=\"\" width=\"225\" height=\"300\" \/><\/a><\/p>\n<p>&nbsp;<\/p>\n<div style=\"text-align: center\"><strong>Hola a todos y todas,<\/strong><\/div>\n<p>Mi nombre es Laura Villegas y soy la coordinadora del Laboratorio Etnogr\u00e1fico. Soy antrop\u00f3loga egresada de la universidad, y actualmente estoy cursando la maestr\u00eda en estudios sociales y pol\u00edticos. Si bien ha sido un semestre confuso entre lo virtual y lo presencial, desde el laboratorio etnogr\u00e1fico y junto a los representantes y dem\u00e1s estudiantes hemos unido esfuerzos para revivir el laboratorio etnogr\u00e1fico. Recuerden que este es un espacio abierto a los estudiantes, que tambi\u00e9n puede ser reservado para eventos especiales.<\/p>\n<p>Este semestre tendremos nuestra primer salida de campo despu\u00e9s de este tiempo de pausa. El 31 de octubre iniciaremos nuestro a viaje a R\u00e1quira, Boyac\u00e1. Espero que esta primera salida juntos sea tan grata para ustedes, como lo es para m\u00ed encontrarme en este rol tan importante para su formaci\u00f3n como futuros antrop\u00f3logos.<\/p>\n<p>\u00a1Un saludo y buen regreso a la universidad!<\/p>\n<p>&nbsp;<\/p>\n<p><a href=\"http:\/\/www.icesi.edu.co\/blogs\/cultura\/files\/2022\/02\/WhatsApp-Image-2022-02-16-at-9.13.17-AM.jpeg\"><img loading=\"lazy\" decoding=\"async\" class=\"aligncenter size-full wp-image-1447\" src=\"http:\/\/www.icesi.edu.co\/blogs\/cultura\/files\/2022\/02\/WhatsApp-Image-2022-02-16-at-9.13.17-AM.jpeg\" alt=\"\" width=\"300\" height=\"300\" \/><\/a><\/p>\n<p>Agua Buena es una vereda del municipio de R\u00e1quira, en el departamento de Boyac\u00e1. Saldremos del 31 de octubre al 6 de noviembre. En esta salida, junto a los profes Daniella Castellanos, Mar\u00eda Isabel Galindo y Enrique Jaramillo, hablaremos sobre ecolog\u00eda pol\u00edtica, colonialismo y la tradici\u00f3n de la artesan\u00eda presente en el municipio.<\/p>\n<p style=\"text-align: center\"><strong>Eventos para programarse<\/strong><\/p>\n<p>&nbsp;<\/p>\n<p><a href=\"http:\/\/www.icesi.edu.co\/blogs\/cultura\/files\/2022\/02\/WhatsApp-Image-2022-02-15-at-10.10.22-PM-1.jpeg\"><img loading=\"lazy\" decoding=\"async\" class=\"aligncenter wp-image-1429\" src=\"http:\/\/www.icesi.edu.co\/blogs\/cultura\/files\/2022\/02\/WhatsApp-Image-2022-02-15-at-10.10.22-PM-1.jpeg\" alt=\"\" width=\"379\" height=\"379\" \/><\/a><\/p>\n<p>&nbsp;<\/p>\n<p>En noviembre Alejandro Ponce de Le\u00f3n ofrecer\u00e1 un taller de 4 sesiones sobre dispositivos temporales en el Laboratorio Etnogr\u00e1fico. Solo disponemos de 10 cupos, as\u00ed que est\u00e9n pendientes del correo para postularse.<\/p>\n<ul>\n<li>Descripci\u00f3n: Especulando desde la coyuntura actual y sus posibles o m\u00faltiples crisis sociales, ecol\u00f3gicas y pol\u00edticas, en este espacio exploraremos de manera colectiva las pol\u00edticas de los reg\u00edmenes temporales, el presentismo y su relaci\u00f3n con la materialidad; las imaginaciones p\u00fablicas que nos mueven y concretizan los futuros colectivos, as\u00ed como las pr\u00e1cticas y \u00e9ticas que abren horizontes de posibilidad a pesar de la claustrofobia de la hiper-actualidad.<\/li>\n<\/ul>\n<p>&nbsp;<\/p>\n<div style=\"text-align: center\"><em>\u00a0<strong>Enrique Jaramillo<\/strong>\u00a0<\/em><br \/>\nejaramillo@icesi.edu.co<\/div>\n<div style=\"text-align: center\">Director del programa<br \/>\n<strong><em>Laura Villegas<\/em><\/strong><br \/>\nlvillegas@icesi.edu.co<br \/>\nCoordinadora del laboratorio<br \/>\n<strong><em>Nicole Sof\u00eda Arias<\/em><\/strong><br \/>\netnolabicesi@gmail.com<br \/>\nMonitora del programa<\/div>\n<p style=\"text-align: center\"><img loading=\"lazy\" decoding=\"async\" src=\"https:\/\/mcusercontent.com\/f610805de9421fe7ade76e2aa\/images\/7b92fb55-da4b-6505-8d1a-5b119bc13054.png\" width=\"600\" height=\"79\" \/><br \/>\nUniversidad Icesi, Calle 18 No. 122-135 Pance, Cali &#8211; Colombia<\/p>\n<p style=\"text-align: center\">Tel\u00e9fono: +57 (2) 555 2334 Ext.4077 | Fax: +57 (2) 555 1441<\/p>\n<p style=\"text-align: center\"><a href=\"http:\/\/www.icesi.edu.co\/\" target=\"_blank\" rel=\"noopener\">www.icesi.edu.co<\/a> &#8211; <a href=\"http:\/\/www.icesi.edu.co\/condiciones-de-uso-de-sitios-web\" target=\"_blank\" rel=\"noopener\">Pol\u00edtica de privacidad<\/a><\/p>\n<p style=\"text-align: center\"><a href=\"http:\/\/www.icesi.edu.co\/politica-de-tratamiento-de-datos-personales\" target=\"_blank\" rel=\"noopener\">Pol\u00edtica de tratamiento de datos personales<\/a><\/p>\n","protected":false},"excerpt":{"rendered":"<p>&nbsp; &nbsp; \u00a1Esperamos est\u00e9n teniendo un buen semestre! Les traemos algunas noticias del Programa de Antropolog\u00eda. &nbsp; &nbsp; &nbsp; &nbsp;&hellip;<\/p>\n","protected":false},"author":42165844,"featured_media":0,"parent":0,"menu_order":0,"comment_status":"closed","ping_status":"closed","template":"","meta":{"footnotes":""},"class_list":["post-1052","page","type-page","status-publish","hentry"],"aioseo_notices":[],"rttpg_featured_image_url":null,"rttpg_author":{"display_name":"Laura Villegas Buitrago","author_link":"https:\/\/www.icesi.edu.co\/blogs\/cultura\/author\/1115087059\/"},"rttpg_comment":0,"rttpg_category":null,"rttpg_excerpt":"&nbsp; &nbsp; \u00a1Esperamos est\u00e9n teniendo un buen semestre! Les traemos algunas noticias del Programa de Antropolog\u00eda. &nbsp; &nbsp; &nbsp; &nbsp;&hellip;","_links":{"self":[{"href":"https:\/\/www.icesi.edu.co\/blogs\/cultura\/wp-json\/wp\/v2\/pages\/1052"}],"collection":[{"href":"https:\/\/www.icesi.edu.co\/blogs\/cultura\/wp-json\/wp\/v2\/pages"}],"about":[{"href":"https:\/\/www.icesi.edu.co\/blogs\/cultura\/wp-json\/wp\/v2\/types\/page"}],"author":[{"embeddable":true,"href":"https:\/\/www.icesi.edu.co\/blogs\/cultura\/wp-json\/wp\/v2\/users\/42165844"}],"replies":[{"embeddable":true,"href":"https:\/\/www.icesi.edu.co\/blogs\/cultura\/wp-json\/wp\/v2\/comments?post=1052"}],"version-history":[{"count":17,"href":"https:\/\/www.icesi.edu.co\/blogs\/cultura\/wp-json\/wp\/v2\/pages\/1052\/revisions"}],"predecessor-version":[{"id":1458,"href":"https:\/\/www.icesi.edu.co\/blogs\/cultura\/wp-json\/wp\/v2\/pages\/1052\/revisions\/1458"}],"wp:attachment":[{"href":"https:\/\/www.icesi.edu.co\/blogs\/cultura\/wp-json\/wp\/v2\/media?parent=1052"}],"curies":[{"name":"wp","href":"https:\/\/api.w.org\/{rel}","templated":true}]}}